{"id":18,"date":"2024-10-14T08:41:02","date_gmt":"2024-10-14T06:41:02","guid":{"rendered":"https:\/\/federacionalandalus.org\/?page_id=18"},"modified":"2025-04-15T16:47:55","modified_gmt":"2025-04-15T14:47:55","slug":"inicio","status":"publish","type":"page","link":"https:\/\/federacionalandalus.org\/","title":{"rendered":"Inicio"},"content":{"rendered":"<p>[et_pb_section fb_built=\u00bb1&#8243; next_background_color=\u00bb#ffffff\u00bb _builder_version=\u00bb4.23.1&#8243; _module_preset=\u00bbdefault\u00bb background_enable_color=\u00bboff\u00bb background_image=\u00bbhttps:\/\/federacionalandalus.org\/wp-content\/uploads\/2024\/10\/Anadir-un-subtitulo-1080-x-1920-px-1086-x-1920-px-1920-x-1086-px-4.png\u00bb parallax=\u00bbon\u00bb background_blend=\u00bbmultiply\u00bb width=\u00bb100%\u00bb max_width=\u00bb100%\u00bb min_height=\u00bb100px\u00bb height=\u00bb684px\u00bb max_height=\u00bb1000px\u00bb custom_padding=\u00bb135px||0px|||\u00bb bottom_divider_style=\u00bbslant2&#8243; animation_style=\u00bbfade\u00bb global_colors_info=\u00bb{%22gcid-101365e6-411c-458b-b057-fa236e591e5f%22:%91%22background_color%22%93}\u00bb][et_pb_row column_structure=\u00bb1_2,1_2&#8243; _builder_version=\u00bb4.23.1&#8243; _module_preset=\u00bbdefault\u00bb global_colors_info=\u00bb{}\u00bb][et_pb_column type=\u00bb1_2&#8243; _builder_version=\u00bb4.23.1&#8243; _module_preset=\u00bbdefault\u00bb global_colors_info=\u00bb{}\u00bb][et_pb_text _builder_version=\u00bb4.23.1&#8243; _module_preset=\u00bbdefault\u00bb text_font=\u00bb|700|||||||\u00bb text_text_color=\u00bbgcid-73b283ee-4bc2-402e-8269-2920e7402c0b\u00bb text_font_size=\u00bb30px\u00bb header_font=\u00bb|300|||||||\u00bb custom_margin=\u00bb||2px|||\u00bb global_colors_info=\u00bb{%22gcid-73b283ee-4bc2-402e-8269-2920e7402c0b%22:%91%22text_text_color%22%93}\u00bb]<\/p>\n<h1>FEDERACI\u00d3N AL-\u00c1NDALUS<\/h1>\n<p>[\/et_pb_text][et_pb_text _builder_version=\u00bb4.23.1&#8243; _module_preset=\u00bbdefault\u00bb text_text_color=\u00bbgcid-73b283ee-4bc2-402e-8269-2920e7402c0b\u00bb header_font=\u00bb||||||||\u00bb header_text_color=\u00bbgcid-73b283ee-4bc2-402e-8269-2920e7402c0b\u00bb custom_margin=\u00bb16px|148px||||\u00bb global_colors_info=\u00bb{%22gcid-73b283ee-4bc2-402e-8269-2920e7402c0b%22:%91%22header_text_color%22,%22text_text_color%22%93}\u00bb]<\/p>\n<p>Somos una entidad sin \u00e1nimo de lucro que trabaja para la prevenci\u00f3n y tratamiento de adicciones.<\/p>\n<p>[\/et_pb_text][et_pb_button button_url=\u00bb#formulario\u00bb button_text=\u00bbcontactar\u00bb _builder_version=\u00bb4.23.1&#8243; _module_preset=\u00bbdefault\u00bb custom_button=\u00bbon\u00bb button_text_color=\u00bb#E02B20&#8243; button_bg_color=\u00bb#FFFFFF\u00bb button_border_width=\u00bb1px\u00bb button_border_radius=\u00bb40px\u00bb global_colors_info=\u00bb{}\u00bb][\/et_pb_button][\/et_pb_column][et_pb_column type=\u00bb1_2&#8243; _builder_version=\u00bb4.23.1&#8243; _module_preset=\u00bbdefault\u00bb global_colors_info=\u00bb{}\u00bb][\/et_pb_column][\/et_pb_row][\/et_pb_section][et_pb_section fb_built=\u00bb1&#8243; _builder_version=\u00bb4.23.1&#8243; _module_preset=\u00bbdefault\u00bb custom_padding=\u00bb||0px|||\u00bb global_colors_info=\u00bb{}\u00bb][et_pb_row column_structure=\u00bb1_2,1_2&#8243; _builder_version=\u00bb4.23.1&#8243; _module_preset=\u00bbdefault\u00bb global_colors_info=\u00bb{}\u00bb][et_pb_column type=\u00bb1_2&#8243; _builder_version=\u00bb4.23.1&#8243; _module_preset=\u00bbdefault\u00bb global_colors_info=\u00bb{}\u00bb][et_pb_image src=\u00bbhttps:\/\/federacionalandalus.org\/wp-content\/uploads\/2024\/10\/Anadir-un-subtitulo-1080-x-1920-px-1200-x-1200-px-16.png\u00bb title_text=\u00bbAn\u0303adir un subti\u0301tulo (1080 x 1920 px) (1200 x 1200 px) (16)\u00bb _builder_version=\u00bb4.23.1&#8243; _module_preset=\u00bbdefault\u00bb max_width=\u00bb74%\u00bb module_alignment=\u00bbright\u00bb global_colors_info=\u00bb{}\u00bb][\/et_pb_image][\/et_pb_column][et_pb_column type=\u00bb1_2&#8243; _builder_version=\u00bb4.23.1&#8243; _module_preset=\u00bbdefault\u00bb global_colors_info=\u00bb{}\u00bb][et_pb_heading title=\u00bbQui\u00e9nes somos \u00bb _builder_version=\u00bb4.23.1&#8243; _module_preset=\u00bbdefault\u00bb title_font=\u00bb|300|||||||\u00bb title_text_color=\u00bbgcid-73b283ee-4bc2-402e-8269-2920e7402c0b\u00bb custom_margin=\u00bb||3px|||\u00bb global_colors_info=\u00bb{%22gcid-73b283ee-4bc2-402e-8269-2920e7402c0b%22:%91%22title_text_color%22%93}\u00bb][\/et_pb_heading][et_pb_divider divider_weight=\u00bb5px\u00bb _builder_version=\u00bb4.23.1&#8243; _module_preset=\u00bbdefault\u00bb width=\u00bb10%\u00bb global_colors_info=\u00bb{}\u00bb][\/et_pb_divider][et_pb_text _builder_version=\u00bb4.27.4&#8243; _module_preset=\u00bbdefault\u00bb text_font=\u00bb|300|||||||\u00bb global_colors_info=\u00bb{}\u00bb]<\/p>\n<p class=\"p1\" style=\"text-align: justify;\"><b>Somos<\/b> una <b>entidad sin \u00e1nimo de lucro <\/b>que trabaja activamente en el apoyo a personas afectadas por adicci\u00f3n y a sus familias. A trav\u00e9s de nuestra <b>red de asociaciones y centros especializados<\/b>, proporcionamos una amplia gama de recursos y servicios que abarcan la <b>prevenci\u00f3n y el tratamiento<\/b>, abordando integralmente los desaf\u00edos que plantea la adicci\u00f3n en la comunidad andaluza.<\/p>\n<p>[\/et_pb_text][\/et_pb_column][\/et_pb_row][et_pb_row _builder_version=\u00bb4.23.1&#8243; _module_preset=\u00bbdefault\u00bb global_colors_info=\u00bb{}\u00bb][et_pb_column type=\u00bb4_4&#8243; _builder_version=\u00bb4.23.1&#8243; _module_preset=\u00bbdefault\u00bb global_colors_info=\u00bb{}\u00bb][et_pb_button button_url=\u00bbhttps:\/\/federacionalandalus.org\/wp-content\/uploads\/2024\/10\/proposito-mision-vision-y-valores-1-1.pdf\u00bb url_new_window=\u00bbon\u00bb button_text=\u00bbMisi\u00f3n, Visi\u00f3n y Valores\u00bb button_alignment=\u00bbcenter\u00bb _builder_version=\u00bb4.23.1&#8243; _module_preset=\u00bbdefault\u00bb custom_button=\u00bbon\u00bb button_text_color=\u00bb#E02B20&#8243; button_border_radius=\u00bb88px\u00bb button_font=\u00bb|300|||||||\u00bb global_colors_info=\u00bb{}\u00bb][\/et_pb_button][\/et_pb_column][\/et_pb_row][\/et_pb_section][et_pb_section fb_built=\u00bb1&#8243; _builder_version=\u00bb4.23.1&#8243; _module_preset=\u00bbdefault\u00bb custom_padding=\u00bb||0px|||\u00bb global_colors_info=\u00bb{}\u00bb][et_pb_row column_structure=\u00bb1_3,1_3,1_3&#8243; _builder_version=\u00bb4.23.1&#8243; _module_preset=\u00bbdefault\u00bb global_colors_info=\u00bb{}\u00bb][et_pb_column type=\u00bb1_3&#8243; _builder_version=\u00bb4.23.1&#8243; _module_preset=\u00bbdefault\u00bb global_colors_info=\u00bb{}\u00bb][et_pb_blurb title=\u00bbqu\u00e9 hacemos \u00bb use_icon=\u00bbon\u00bb font_icon=\u00bb&#x6c;||divi||400&#8243; icon_color=\u00bb#E02B20&#8243; icon_placement=\u00bbleft\u00bb _builder_version=\u00bb4.23.1&#8243; _module_preset=\u00bbdefault\u00bb body_font=\u00bb|300|||||||\u00bb custom_padding=\u00bb20px|20px|20px|20px|false|true\u00bb border_radii=\u00bbon|1px|1px|1px|1px\u00bb border_width_all=\u00bb1px\u00bb border_color_all=\u00bbgcid-21c457de-face-4748-89b5-c11bb71cb955&#8243; global_colors_info=\u00bb{%22gcid-21c457de-face-4748-89b5-c11bb71cb955%22:%91%22border_color_all%22%93}\u00bb]<\/p>\n<p>Ofrecemos<strong> apoyo integral a personas y familias<\/strong> afectadas por la adicci\u00f3n, a trav\u00e9s de <strong>tratamiento, educaci\u00f3n y prevenci\u00f3n.<\/strong> Nuestra red de asociaciones y centros proporciona <strong>recursos emocionales y terap\u00e9uticos<\/strong> para facilitar la recuperaci\u00f3n y la reintegraci\u00f3n social.<\/p>\n<p>[\/et_pb_blurb][\/et_pb_column][et_pb_column type=\u00bb1_3&#8243; _builder_version=\u00bb4.23.1&#8243; _module_preset=\u00bbdefault\u00bb global_colors_info=\u00bb{}\u00bb][et_pb_blurb title=\u00bbc\u00f3mo lo hacemos \u00bb use_icon=\u00bbon\u00bb font_icon=\u00bb&#xf4be;||fa||900&#8243; icon_color=\u00bb#E02B20&#8243; icon_placement=\u00bbleft\u00bb _builder_version=\u00bb4.23.1&#8243; _module_preset=\u00bbdefault\u00bb body_font=\u00bb|300|||||||\u00bb custom_padding=\u00bb20px|20px|20px|20px|false|true\u00bb border_radii=\u00bbon|1px|1px|1px|1px\u00bb border_width_all=\u00bb1px\u00bb border_color_all=\u00bbgcid-21c457de-face-4748-89b5-c11bb71cb955&#8243; global_colors_info=\u00bb{%22gcid-21c457de-face-4748-89b5-c11bb71cb955%22:%91%22border_color_all%22%93}\u00bb]<\/p>\n<p>Aplicamos un <strong>enfoque personalizado, <\/strong>basado en la <strong>evidencia cient\u00edfica<\/strong>, respetando la <strong>diversidad y sin estigmatizar.<\/strong> Nuestro <strong>equipo especializado<\/strong> ofrece un trato cercano y emp\u00e1tico, creando un <strong>entorno seguro<\/strong> que promueve la <strong>recuperaci\u00f3n y el bienestar.<\/strong><\/p>\n<p>&nbsp;<\/p>\n<p>[\/et_pb_blurb][\/et_pb_column][et_pb_column type=\u00bb1_3&#8243; _builder_version=\u00bb4.23.1&#8243; _module_preset=\u00bbdefault\u00bb global_colors_info=\u00bb{}\u00bb][et_pb_blurb title=\u00bbd\u00f3nde estamos \u00bb use_icon=\u00bbon\u00bb font_icon=\u00bb&#xf08d;||fa||900&#8243; icon_color=\u00bb#E02B20&#8243; icon_placement=\u00bbleft\u00bb _builder_version=\u00bb4.23.1&#8243; _module_preset=\u00bbdefault\u00bb body_font=\u00bb|300|||||||\u00bb custom_padding=\u00bb20px|20px|20px|20px|false|true\u00bb border_radii=\u00bbon|1px|1px|1px|1px\u00bb border_width_all=\u00bb1px\u00bb border_color_all=\u00bbgcid-21c457de-face-4748-89b5-c11bb71cb955&#8243; global_colors_info=\u00bb{%22gcid-21c457de-face-4748-89b5-c11bb71cb955%22:%91%22border_color_all%22%93}\u00bb]<\/p>\n<p>La federaci\u00f3n Al-\u00e1ndalus se encuentra presente en <strong>Andaluc\u00eda<\/strong> a trav\u00e9s de centros y asociaciones ubicados en <strong>Sevilla, M\u00e1laga, Ja\u00e9n y Almer\u00eda,<\/strong> donde desarrollan proyectos para atender a personas y familias afectadas por la adicci\u00f3n.<\/p>\n<p>&nbsp;<\/p>\n<p>[\/et_pb_blurb][\/et_pb_column][\/et_pb_row][et_pb_row column_structure=\u00bb1_2,1_2&#8243; _builder_version=\u00bb4.23.1&#8243; _module_preset=\u00bbdefault\u00bb global_colors_info=\u00bb{}\u00bb][et_pb_column type=\u00bb1_2&#8243; _builder_version=\u00bb4.23.1&#8243; _module_preset=\u00bbdefault\u00bb global_colors_info=\u00bb{}\u00bb][et_pb_heading title=\u00bbJuntos, podemos avanzar \u00bb _builder_version=\u00bb4.23.1&#8243; _module_preset=\u00bbdefault\u00bb title_font=\u00bb|300|||||||\u00bb title_text_color=\u00bbgcid-73b283ee-4bc2-402e-8269-2920e7402c0b\u00bb custom_margin=\u00bb||-1px|||\u00bb global_colors_info=\u00bb{%22gcid-73b283ee-4bc2-402e-8269-2920e7402c0b%22:%91%22title_text_color%22%93}\u00bb][\/et_pb_heading][et_pb_divider divider_weight=\u00bb5px\u00bb _builder_version=\u00bb4.23.1&#8243; _module_preset=\u00bbdefault\u00bb width=\u00bb10%\u00bb global_colors_info=\u00bb{}\u00bb][\/et_pb_divider][et_pb_text _builder_version=\u00bb4.23.1&#8243; _module_preset=\u00bbdefault\u00bb text_font=\u00bb|300|||||||\u00bb global_colors_info=\u00bb{}\u00bb]<\/p>\n<p style=\"text-align: justify;\"><span>En la Federaci\u00f3n Alandalus, sabemos que superar una adicci\u00f3n es un camino que exige tiempo, esfuerzo y compromiso. Pero no tienes que recorrerlo solo. Las <strong>asociaciones y centros<\/strong> que forman parte de nuestra red est\u00e1n aqu\u00ed para <strong>recomendarte el apoyo necesario en cada paso del proceso.<\/strong><\/span><\/p>\n<p style=\"text-align: justify;\"><strong>Si t\u00fa o alguien cercano est\u00e1 enfrentando una adicci\u00f3n, te animamos a dar el primer paso: buscar ayuda. <\/strong><\/p>\n<p style=\"text-align: justify;\"><span>Nuestras asociaciones y centros especializados est\u00e1n preparados para acompa\u00f1arte en tu recuperaci\u00f3n, brind\u00e1ndote la <strong>asistencia profesional y humana que necesitas para superar esta situaci\u00f3n<\/strong>. Creemos firmemente que con el respaldo adecuado, la recuperaci\u00f3n es posible.<\/span><\/p>\n<p>[\/et_pb_text][\/et_pb_column][et_pb_column type=\u00bb1_2&#8243; _builder_version=\u00bb4.23.1&#8243; _module_preset=\u00bbdefault\u00bb global_colors_info=\u00bb{}\u00bb][et_pb_image src=\u00bbhttps:\/\/federacionalandalus.org\/wp-content\/uploads\/2025\/04\/F19.PO05.02.-Logo-1-estrella.jpg\u00bb title_text=\u00bbF19.PO05.02. Logo 1 estrella\u00bb _builder_version=\u00bb4.27.4&#8243; _module_preset=\u00bbdefault\u00bb global_colors_info=\u00bb{}\u00bb][\/et_pb_image][\/et_pb_column][\/et_pb_row][\/et_pb_section][et_pb_section fb_built=\u00bb1&#8243; _builder_version=\u00bb4.23.1&#8243; _module_preset=\u00bbdefault\u00bb custom_padding=\u00bb0px||0px|||\u00bb global_colors_info=\u00bb{}\u00bb][et_pb_row _builder_version=\u00bb4.23.1&#8243; _module_preset=\u00bbdefault\u00bb global_colors_info=\u00bb{}\u00bb][et_pb_column type=\u00bb4_4&#8243; _builder_version=\u00bb4.23.1&#8243; _module_preset=\u00bbdefault\u00bb global_colors_info=\u00bb{}\u00bb][et_pb_text _builder_version=\u00bb4.23.1&#8243; _module_preset=\u00bbdefault\u00bb text_text_color=\u00bb#E02B20&#8243; header_font=\u00bb|300|||||||\u00bb header_text_color=\u00bbgcid-73b283ee-4bc2-402e-8269-2920e7402c0b\u00bb custom_margin=\u00bb||3px|||\u00bb global_colors_info=\u00bb{%22gcid-73b283ee-4bc2-402e-8269-2920e7402c0b%22:%91%22header_text_color%22%93}\u00bb]<\/p>\n<h1>Noticias y Actualidad<\/h1>\n<p>[\/et_pb_text][et_pb_divider divider_weight=\u00bb5px\u00bb _builder_version=\u00bb4.23.1&#8243; _module_preset=\u00bbdefault\u00bb width=\u00bb5%\u00bb global_colors_info=\u00bb{}\u00bb][\/et_pb_divider][\/et_pb_column][\/et_pb_row][\/et_pb_section][et_pb_section fb_built=\u00bb1&#8243; _builder_version=\u00bb4.23.1&#8243; _module_preset=\u00bbdefault\u00bb custom_padding=\u00bb0px||0px|||\u00bb global_colors_info=\u00bb{}\u00bb][et_pb_row _builder_version=\u00bb4.23.1&#8243; _module_preset=\u00bbdefault\u00bb global_colors_info=\u00bb{}\u00bb][et_pb_column type=\u00bb4_4&#8243; _builder_version=\u00bb4.23.1&#8243; _module_preset=\u00bbdefault\u00bb global_colors_info=\u00bb{}\u00bb][et_pb_blog fullwidth=\u00bboff\u00bb posts_number=\u00bb3&#8243; include_categories=\u00bb11&#8243; _builder_version=\u00bb4.23.1&#8243; _module_preset=\u00bbdefault\u00bb global_colors_info=\u00bb{}\u00bb][\/et_pb_blog][\/et_pb_column][\/et_pb_row][\/et_pb_section][et_pb_section fb_built=\u00bb1&#8243; module_id=\u00bbformulario\u00bb _builder_version=\u00bb4.23.1&#8243; _module_preset=\u00bbdefault\u00bb background_enable_color=\u00bboff\u00bb background_image=\u00bbhttps:\/\/federacionalandalus.org\/wp-content\/uploads\/2024\/10\/Anadir-un-subtitulo-1080-x-1920-px-50-x-50-cm-150-x-150-px-32-x-45-cm-45-x-32-cm-2.png\u00bb background_blend=\u00bbmultiply\u00bb custom_padding=\u00bb60px||17px|||\u00bb global_colors_info=\u00bb{%22gcid-cfe876f3-5c67-4ab7-8f05-285edb47c4a7%22:%91%22background_color%22%93}\u00bb][et_pb_row _builder_version=\u00bb4.23.1&#8243; _module_preset=\u00bbdefault\u00bb custom_margin=\u00bb|auto|56px|auto||\u00bb custom_padding=\u00bb0px|||||\u00bb global_colors_info=\u00bb{}\u00bb][et_pb_column type=\u00bb4_4&#8243; _builder_version=\u00bb4.23.1&#8243; _module_preset=\u00bbdefault\u00bb global_colors_info=\u00bb{}\u00bb][et_pb_text _builder_version=\u00bb4.23.1&#8243; _module_preset=\u00bbdefault\u00bb text_text_color=\u00bbgcid-73b283ee-4bc2-402e-8269-2920e7402c0b\u00bb header_text_color=\u00bbgcid-73b283ee-4bc2-402e-8269-2920e7402c0b\u00bb background_layout=\u00bbdark\u00bb custom_margin=\u00bb||15px|||\u00bb global_colors_info=\u00bb{%22gcid-73b283ee-4bc2-402e-8269-2920e7402c0b%22:%91%22text_text_color%22,%22header_text_color%22%93}\u00bb]<\/p>\n<h1 style=\"text-align: center;\">\u00bfNecesitas ponerte en contacto con alguien de nuestro equipo?\u00a0<\/h1>\n<p>[\/et_pb_text][et_pb_text _builder_version=\u00bb4.23.1&#8243; _module_preset=\u00bbdefault\u00bb text_text_color=\u00bbgcid-73b283ee-4bc2-402e-8269-2920e7402c0b\u00bb header_text_color=\u00bbgcid-73b283ee-4bc2-402e-8269-2920e7402c0b\u00bb global_colors_info=\u00bb{%22gcid-73b283ee-4bc2-402e-8269-2920e7402c0b%22:%91%22header_text_color%22,%22text_text_color%22%93}\u00bb]<\/p>\n<div class=\"jupiter-tooltip-widget elementor-element elementor-element-2a9ec52 elementor-widget elementor-widget-text-editor\" data-jupiter-tooltip-settings=\"{&quot;tooltip&quot;:&quot;false&quot;,&quot;tooltipDescription&quot;:&quot;This is Tooltip!&quot;,&quot;tooltipPlacement&quot;:&quot;top&quot;,&quot;tooltipArrow&quot;:true,&quot;xOffset&quot;:0,&quot;yOffset&quot;:0,&quot;tooltipAnimation&quot;:&quot;fade&quot;,&quot;tooltipTrigger&quot;:&quot;mouseenter&quot;,&quot;zIndex&quot;:999,&quot;customSelector&quot;:&quot;&quot;,&quot;delay&quot;:0}\" data-id=\"2a9ec52\" data-element_type=\"widget\" data-widget_type=\"text-editor.default\">\n<div class=\"elementor-widget-container\">\n<p style=\"text-align: center;\"><span style=\"color: #000000;\">Rellena el formulario y nos ponemos en contacto lo antes posble.\u00a0<\/span><\/p>\n<\/div>\n<\/div>\n<section class=\"elementor-section elementor-inner-section elementor-element elementor-element-fbd93ce elementor-section-boxed elementor-section-height-default elementor-section-height-default\" data-id=\"fbd93ce\" data-element_type=\"section\">\n<div class=\"elementor-container elementor-column-gap-default\">\n<div class=\"elementor-column elementor-col-33 elementor-inner-column elementor-element elementor-element-9b58e09 animated fadeIn\" data-id=\"9b58e09\" data-element_type=\"column\" data-settings=\"{&quot;animation&quot;:&quot;fadeIn&quot;}\">\n<div class=\"elementor-widget-wrap elementor-element-populated\">\n<div class=\"jupiter-tooltip-widget elementor-element elementor-element-748bf02 elementor-view-stacked elementor-position-left elementor-shape-circle elementor-mobile-position-top elementor-vertical-align-top elementor-widget elementor-widget-icon-box\" data-jupiter-tooltip-settings=\"{&quot;tooltip&quot;:&quot;false&quot;,&quot;tooltipDescription&quot;:&quot;This is Tooltip!&quot;,&quot;tooltipPlacement&quot;:&quot;top&quot;,&quot;tooltipArrow&quot;:true,&quot;xOffset&quot;:0,&quot;yOffset&quot;:0,&quot;tooltipAnimation&quot;:&quot;fade&quot;,&quot;tooltipTrigger&quot;:&quot;mouseenter&quot;,&quot;zIndex&quot;:999,&quot;customSelector&quot;:&quot;&quot;,&quot;delay&quot;:0}\" data-id=\"748bf02\" data-element_type=\"widget\" data-widget_type=\"icon-box.default\">\n<div class=\"elementor-widget-container\">\n<div class=\"elementor-icon-box-wrapper\">\n<div class=\"elementor-icon-box-icon\" style=\"text-align: center;\"><\/div>\n<\/div>\n<\/div>\n<\/div>\n<\/div>\n<\/div>\n<\/div>\n<\/section>\n<p>[\/et_pb_text][et_pb_contact_form email=\u00bbinfo@federacionalandalus.org\u00bb custom_message=\u00bb%%Name%%||et_pb_line_break_holder||%%Apellidos%%||et_pb_line_break_holder||%%Telf%%||et_pb_line_break_holder||%%Email%%||et_pb_line_break_holder||%%Message%%||et_pb_line_break_holder||\u00bb success_message=\u00bbGracias por contactar. Nos pondremos en contacto lo antes posible.\u00bb _builder_version=\u00bb4.23.1&#8243; _module_preset=\u00bbdefault\u00bb _unique_id=\u00bb049eb1f5-d811-468f-8d03-3c0025ed75dd\u00bb title_text_color=\u00bb#000000&#8243; background_color=\u00bbgcid-101365e6-411c-458b-b057-fa236e591e5f\u00bb custom_button=\u00bbon\u00bb button_text_color=\u00bb#FFFFFF\u00bb button_bg_color=\u00bb#E02B20&#8243; button_border_color=\u00bb#E02B20&#8243; button_border_radius=\u00bb55px\u00bb custom_margin=\u00bb20px|20px|20px|20px|true|true\u00bb custom_padding=\u00bb73px|41px|20px|43px|false|false\u00bb global_colors_info=\u00bb{%22gcid-101365e6-411c-458b-b057-fa236e591e5f%22:%91%22background_color%22%93}\u00bb][et_pb_contact_field field_id=\u00bbName\u00bb field_title=\u00bbNombre\u00bb _builder_version=\u00bb4.16&#8243; global_colors_info=\u00bb{}\u00bb button_text_size__hover_enabled=\u00bboff\u00bb button_one_text_size__hover_enabled=\u00bboff\u00bb button_two_text_size__hover_enabled=\u00bboff\u00bb button_text_color__hover_enabled=\u00bboff\u00bb button_one_text_color__hover_enabled=\u00bboff\u00bb button_two_text_color__hover_enabled=\u00bboff\u00bb button_border_width__hover_enabled=\u00bboff\u00bb button_one_border_width__hover_enabled=\u00bboff\u00bb button_two_border_width__hover_enabled=\u00bboff\u00bb button_border_color__hover_enabled=\u00bboff\u00bb button_one_border_color__hover_enabled=\u00bboff\u00bb button_two_border_color__hover_enabled=\u00bboff\u00bb button_border_radius__hover_enabled=\u00bboff\u00bb button_one_border_radius__hover_enabled=\u00bboff\u00bb button_two_border_radius__hover_enabled=\u00bboff\u00bb button_letter_spacing__hover_enabled=\u00bboff\u00bb button_one_letter_spacing__hover_enabled=\u00bboff\u00bb button_two_letter_spacing__hover_enabled=\u00bboff\u00bb button_bg_color__hover_enabled=\u00bboff\u00bb button_one_bg_color__hover_enabled=\u00bboff\u00bb button_two_bg_color__hover_enabled=\u00bboff\u00bb][\/et_pb_contact_field][et_pb_contact_field field_id=\u00bbApellidos\u00bb field_title=\u00bbApellidos\u00bb _builder_version=\u00bb4.23.1&#8243; _module_preset=\u00bbdefault\u00bb global_colors_info=\u00bb{}\u00bb][\/et_pb_contact_field][et_pb_contact_field field_id=\u00bbTelf\u00bb field_title=\u00bbTel\u00e9fono\u00bb allowed_symbols=\u00bbnumbers\u00bb _builder_version=\u00bb4.23.1&#8243; _module_preset=\u00bbdefault\u00bb global_colors_info=\u00bb{}\u00bb][\/et_pb_contact_field][et_pb_contact_field field_id=\u00bbEmail\u00bb field_title=\u00bbDirecci\u00f3n de correo electr\u00f3nico\u00bb field_type=\u00bbemail\u00bb _builder_version=\u00bb4.23.1&#8243; global_colors_info=\u00bb{}\u00bb button_text_size__hover_enabled=\u00bboff\u00bb button_one_text_size__hover_enabled=\u00bboff\u00bb button_two_text_size__hover_enabled=\u00bboff\u00bb button_text_color__hover_enabled=\u00bboff\u00bb button_one_text_color__hover_enabled=\u00bboff\u00bb button_two_text_color__hover_enabled=\u00bboff\u00bb button_border_width__hover_enabled=\u00bboff\u00bb button_one_border_width__hover_enabled=\u00bboff\u00bb button_two_border_width__hover_enabled=\u00bboff\u00bb button_border_color__hover_enabled=\u00bboff\u00bb button_one_border_color__hover_enabled=\u00bboff\u00bb button_two_border_color__hover_enabled=\u00bboff\u00bb button_border_radius__hover_enabled=\u00bboff\u00bb button_one_border_radius__hover_enabled=\u00bboff\u00bb button_two_border_radius__hover_enabled=\u00bboff\u00bb button_letter_spacing__hover_enabled=\u00bboff\u00bb button_one_letter_spacing__hover_enabled=\u00bboff\u00bb button_two_letter_spacing__hover_enabled=\u00bboff\u00bb button_bg_color__hover_enabled=\u00bboff\u00bb button_one_bg_color__hover_enabled=\u00bboff\u00bb button_two_bg_color__hover_enabled=\u00bboff\u00bb][\/et_pb_contact_field][et_pb_contact_field field_id=\u00bbMessage\u00bb field_title=\u00bbMensaje\u00bb field_type=\u00bbtext\u00bb fullwidth_field=\u00bbon\u00bb _builder_version=\u00bb4.23.1&#8243; global_colors_info=\u00bb{}\u00bb button_text_size__hover_enabled=\u00bboff\u00bb button_one_text_size__hover_enabled=\u00bboff\u00bb button_two_text_size__hover_enabled=\u00bboff\u00bb button_text_color__hover_enabled=\u00bboff\u00bb button_one_text_color__hover_enabled=\u00bboff\u00bb button_two_text_color__hover_enabled=\u00bboff\u00bb button_border_width__hover_enabled=\u00bboff\u00bb button_one_border_width__hover_enabled=\u00bboff\u00bb button_two_border_width__hover_enabled=\u00bboff\u00bb button_border_color__hover_enabled=\u00bboff\u00bb button_one_border_color__hover_enabled=\u00bboff\u00bb button_two_border_color__hover_enabled=\u00bboff\u00bb button_border_radius__hover_enabled=\u00bboff\u00bb button_one_border_radius__hover_enabled=\u00bboff\u00bb button_two_border_radius__hover_enabled=\u00bboff\u00bb button_letter_spacing__hover_enabled=\u00bboff\u00bb button_one_letter_spacing__hover_enabled=\u00bboff\u00bb button_two_letter_spacing__hover_enabled=\u00bboff\u00bb button_bg_color__hover_enabled=\u00bboff\u00bb button_one_bg_color__hover_enabled=\u00bboff\u00bb button_two_bg_color__hover_enabled=\u00bboff\u00bb][\/et_pb_contact_field][\/et_pb_contact_form][\/et_pb_column][\/et_pb_row][\/et_pb_section]<\/p>\n","protected":false},"excerpt":{"rendered":"<p>FEDERACI\u00d3N AL-\u00c1NDALUSSomos una entidad sin \u00e1nimo de lucro que trabaja para la prevenci\u00f3n y tratamiento de adicciones.Somos una entidad sin \u00e1nimo de lucro que trabaja activamente en el apoyo a personas afectadas por adicci\u00f3n y a sus familias. A trav\u00e9s de nuestra red de asociaciones y centros especializados, proporcionamos una amplia gama de recursos y [&hellip;]<\/p>\n","protected":false},"author":1,"featured_media":0,"parent":0,"menu_order":0,"comment_status":"closed","ping_status":"closed","template":"","meta":{"_et_pb_use_builder":"on","_et_pb_old_content":"","_et_gb_content_width":"","footnotes":""},"class_list":["post-18","page","type-page","status-publish","hentry"],"_links":{"self":[{"href":"https:\/\/federacionalandalus.org\/index.php?rest_route=\/wp\/v2\/pages\/18","targetHints":{"allow":["GET"]}}],"collection":[{"href":"https:\/\/federacionalandalus.org\/index.php?rest_route=\/wp\/v2\/pages"}],"about":[{"href":"https:\/\/federacionalandalus.org\/index.php?rest_route=\/wp\/v2\/types\/page"}],"author":[{"embeddable":true,"href":"https:\/\/federacionalandalus.org\/index.php?rest_route=\/wp\/v2\/users\/1"}],"replies":[{"embeddable":true,"href":"https:\/\/federacionalandalus.org\/index.php?rest_route=%2Fwp%2Fv2%2Fcomments&post=18"}],"version-history":[{"count":40,"href":"https:\/\/federacionalandalus.org\/index.php?rest_route=\/wp\/v2\/pages\/18\/revisions"}],"predecessor-version":[{"id":1073,"href":"https:\/\/federacionalandalus.org\/index.php?rest_route=\/wp\/v2\/pages\/18\/revisions\/1073"}],"wp:attachment":[{"href":"https:\/\/federacionalandalus.org\/index.php?rest_route=%2Fwp%2Fv2%2Fmedia&parent=18"}],"curies":[{"name":"wp","href":"https:\/\/api.w.org\/{rel}","templated":true}]}}